{"id":22036,"date":"2024-09-05T15:48:41","date_gmt":"2024-09-05T13:48:41","guid":{"rendered":"http:\/\/www.nichotel.it\/la-nostra-proprieta\/"},"modified":"2025-06-23T12:02:28","modified_gmt":"2025-06-23T10:02:28","slug":"unser-eigentum","status":"publish","type":"page","link":"https:\/\/www.nichotel.it\/de\/unser-eigentum\/","title":{"rendered":"Unser Eigentum"},"content":{"rendered":"\t\t<div data-elementor-type=\"wp-page\" data-elementor-id=\"22036\" class=\"elementor elementor-22036 elementor-20447\" data-elementor-post-type=\"page\">\n\t\t\t\t<div class=\"elementor-element elementor-element-28be92ca e-flex e-con-boxed parallax_section_no qode_elementor_container_no e-con e-parent\" data-id=\"28be92ca\" data-element_type=\"container\" data-settings=\"{&quot;background_background&quot;:&quot;classic&quot;}\">\n\t\t\t\t\t<div class=\"e-con-inner\">\n\t\t\t\t<div class=\"elementor-element elementor-element-14d567a2 elementor-widget elementor-widget-heading\" data-id=\"14d567a2\" data-element_type=\"widget\" data-widget_type=\"heading.default\">\n\t\t\t\t<div class=\"elementor-widget-container\">\n\t\t\t<style>\/*! elementor - v3.23.0 - 05-08-2024 *\/\n.elementor-heading-title{padding:0;margin:0;line-height:1}.elementor-widget-heading .elementor-heading-title[class*=elementor-size-]>a{color:inherit;font-size:inherit;line-height:inherit}.elementor-widget-heading .elementor-heading-title.elementor-size-small{font-size:15px}.elementor-widget-heading .elementor-heading-title.elementor-size-medium{font-size:19px}.elementor-widget-heading .elementor-heading-title.elementor-size-large{font-size:29px}.elementor-widget-heading .elementor-heading-title.elementor-size-xl{font-size:39px}.elementor-widget-heading .elementor-heading-title.elementor-size-xxl{font-size:59px}<\/style><h1 class=\"elementor-heading-title elementor-size-default\">UNSERE EIGENTUM<\/h1>\t\t<\/div>\n\t\t\t\t<\/div>\n\t\t\t\t\t<\/div>\n\t\t\t\t<\/div>\n\t\t\t\t<section class=\"elementor-section elementor-top-section elementor-element elementor-element-6d7aa72 elementor-section-boxed elementor-section-height-default elementor-section-height-default parallax_section_no qode_elementor_container_no\" data-id=\"6d7aa72\" data-element_type=\"section\" data-settings=\"{&quot;background_background&quot;:&quot;classic&quot;}\">\n\t\t\t\t\t\t<div class=\"elementor-container elementor-column-gap-default\">\n\t\t\t\t\t<div class=\"elementor-column elementor-col-100 elementor-top-column elementor-element elementor-element-479e02b\" data-id=\"479e02b\" data-element_type=\"column\">\n\t\t\t<div class=\"elementor-widget-wrap elementor-element-populated\">\n\t\t\t\t\t\t<section class=\"elementor-section elementor-inner-section elementor-element elementor-element-1b45166 qode_elementor_container_inner elementor-section-full_width elementor-section-height-default elementor-section-height-default parallax_section_no\" data-id=\"1b45166\" data-element_type=\"section\">\n\t\t\t\t\t\t<div class=\"elementor-container elementor-column-gap-default\">\n\t\t\t\t\t<div class=\"elementor-column elementor-col-100 elementor-inner-column elementor-element elementor-element-b7147bd\" data-id=\"b7147bd\" data-element_type=\"column\">\n\t\t\t<div class=\"elementor-widget-wrap elementor-element-populated\">\n\t\t\t\t\t\t<div class=\"elementor-element elementor-element-30310ea elementor-widget elementor-widget-text-editor\" data-id=\"30310ea\" data-element_type=\"widget\" data-widget_type=\"text-editor.default\">\n\t\t\t\t<div class=\"elementor-widget-container\">\n\t\t\t<style>\/*! elementor - v3.23.0 - 05-08-2024 *\/\n.elementor-widget-text-editor.elementor-drop-cap-view-stacked .elementor-drop-cap{background-color:#69727d;color:#fff}.elementor-widget-text-editor.elementor-drop-cap-view-framed .elementor-drop-cap{color:#69727d;border:3px solid;background-color:transparent}.elementor-widget-text-editor:not(.elementor-drop-cap-view-default) .elementor-drop-cap{margin-top:8px}.elementor-widget-text-editor:not(.elementor-drop-cap-view-default) .elementor-drop-cap-letter{width:1em;height:1em}.elementor-widget-text-editor .elementor-drop-cap{float:left;text-align:center;line-height:1;font-size:50px}.elementor-widget-text-editor .elementor-drop-cap-letter{display:inline-block}<\/style>\t\t\t\tNoch bevor Sie unsere kleine Insel erreichen, k\u00f6nnen Sie bereits das Schild des Nichotels sehen! Wir befinden uns nur wenige Meter vom Hafen entfernt, im Herzen der Altstadt.\n\t\t\t\t\t\t<\/div>\n\t\t\t\t<\/div>\n\t\t\t\t\t<\/div>\n\t\t<\/div>\n\t\t\t\t\t<\/div>\n\t\t<\/section>\n\t\t\t\t\t<\/div>\n\t\t<\/div>\n\t\t\t\t\t<\/div>\n\t\t<\/section>\n\t\t\t\t<section class=\"elementor-section elementor-top-section elementor-element elementor-element-7d792cc elementor-section-boxed elementor-section-height-default elementor-section-height-default parallax_section_no qode_elementor_container_no\" data-id=\"7d792cc\" data-element_type=\"section\" data-settings=\"{&quot;background_background&quot;:&quot;classic&quot;}\">\n\t\t\t\t\t\t<div class=\"elementor-container elementor-column-gap-default\">\n\t\t\t\t\t<div class=\"elementor-column elementor-col-100 elementor-top-column elementor-element elementor-element-26a0fac\" data-id=\"26a0fac\" data-element_type=\"column\">\n\t\t\t<div class=\"elementor-widget-wrap elementor-element-populated\">\n\t\t\t\t\t\t<section class=\"elementor-section elementor-inner-section elementor-element elementor-element-6e4ee86 qode_elementor_container_inner elementor-section-full_width elementor-section-height-default elementor-section-height-default parallax_section_no\" data-id=\"6e4ee86\" data-element_type=\"section\">\n\t\t\t\t\t\t<div class=\"elementor-container elementor-column-gap-default\">\n\t\t\t\t\t<div class=\"elementor-column elementor-col-50 elementor-inner-column elementor-element elementor-element-8ba3b9c\" data-id=\"8ba3b9c\" data-element_type=\"column\">\n\t\t\t<div class=\"elementor-widget-wrap elementor-element-populated\">\n\t\t\t\t\t\t<div class=\"elementor-element elementor-element-444aaa8 elementor-widget elementor-widget-image\" data-id=\"444aaa8\" data-element_type=\"widget\" data-widget_type=\"image.default\">\n\t\t\t\t<div class=\"elementor-widget-container\">\n\t\t\t\t\t\t\t\t\t\t\t\t\t<img fetchpriority=\"high\" decoding=\"async\" width=\"900\" height=\"600\" src=\"https:\/\/www.nichotel.it\/wp-content\/uploads\/2024\/09\/nostra-proprieta.jpg\" class=\"attachment-full size-full wp-image-20456\" alt=\"\" srcset=\"https:\/\/www.nichotel.it\/wp-content\/uploads\/2024\/09\/nostra-proprieta.jpg 900w, https:\/\/www.nichotel.it\/wp-content\/uploads\/2024\/09\/nostra-proprieta-300x200.jpg 300w, https:\/\/www.nichotel.it\/wp-content\/uploads\/2024\/09\/nostra-proprieta-768x512.jpg 768w, https:\/\/www.nichotel.it\/wp-content\/uploads\/2024\/09\/nostra-proprieta-700x467.jpg 700w\" sizes=\"(max-width: 900px) 100vw, 900px\" \/>\t\t\t\t\t\t\t\t\t\t\t\t\t<\/div>\n\t\t\t\t<\/div>\n\t\t\t\t\t<\/div>\n\t\t<\/div>\n\t\t\t\t<div class=\"elementor-column elementor-col-50 elementor-inner-column elementor-element elementor-element-53a6254\" data-id=\"53a6254\" data-element_type=\"column\">\n\t\t\t<div class=\"elementor-widget-wrap elementor-element-populated\">\n\t\t\t\t\t\t<div class=\"elementor-element elementor-element-26cafee elementor-widget elementor-widget-text-editor\" data-id=\"26cafee\" data-element_type=\"widget\" data-widget_type=\"text-editor.default\">\n\t\t\t\t<div class=\"elementor-widget-container\">\n\t\t\t\t\t\t\tIM ZENTRUM UND UM DAS MEER HERUM\t\t\t\t\t\t<\/div>\n\t\t\t\t<\/div>\n\t\t\t\t<div class=\"elementor-element elementor-element-5466cc6 elementor-widget elementor-widget-text-editor\" data-id=\"5466cc6\" data-element_type=\"widget\" data-widget_type=\"text-editor.default\">\n\t\t\t\t<div class=\"elementor-widget-container\">\n\t\t\t\t\t\t\tIn dem einzigen bewohnten Zentrum der Insel San Pietro \u00f6ffnet das Nichotel seine T\u00fcren und l\u00e4dt Sie ein, einen Urlaub voller Entspannung und Komfort zu erleben. Tauchen Sie ein in die Magie der Insel und genie\u00dfen Sie die Sch\u00f6nheit der unber\u00fchrten Natur, der Str\u00e4nde und unseres kristallklaren Meeres. Nur wenige Schritte vom F\u00e4hrhafen entfernt, in einer der Hauptstra\u00dfen der Stadt, befindet sich unser Hotel. Hier werden Sie von einem jungen und dynamischen Team begr\u00fc\u00dft, das bereit ist, Ihren Bed\u00fcrfnissen gerecht zu werden. Sie m\u00fcssen sich um nichts k\u00fcmmern, wir k\u00fcmmern uns um alles! Ihre Aufgabe ist es, sich zu entspannen, unsere Aufgabe ist es, sicherzustellen, dass dies geschieht.\t\t\t\t\t\t<\/div>\n\t\t\t\t<\/div>\n\t\t\t\t\t<\/div>\n\t\t<\/div>\n\t\t\t\t\t<\/div>\n\t\t<\/section>\n\t\t\t\t\t<\/div>\n\t\t<\/div>\n\t\t\t\t\t<\/div>\n\t\t<\/section>\n\t\t\t\t<section class=\"elementor-section elementor-top-section elementor-element elementor-element-7a3b9f6 elementor-section-boxed elementor-section-height-default elementor-section-height-default parallax_section_no qode_elementor_container_no\" data-id=\"7a3b9f6\" data-element_type=\"section\" data-settings=\"{&quot;background_background&quot;:&quot;classic&quot;}\">\n\t\t\t\t\t\t<div class=\"elementor-container elementor-column-gap-default\">\n\t\t\t\t\t<div class=\"elementor-column elementor-col-100 elementor-top-column elementor-element elementor-element-d9f2599\" data-id=\"d9f2599\" data-element_type=\"column\">\n\t\t\t<div class=\"elementor-widget-wrap elementor-element-populated\">\n\t\t\t\t\t\t<section class=\"elementor-section elementor-inner-section elementor-element elementor-element-575cc3e qode_elementor_container_inner elementor-section-full_width elementor-reverse-mobile elementor-section-height-default elementor-section-height-default parallax_section_no\" data-id=\"575cc3e\" data-element_type=\"section\">\n\t\t\t\t\t\t<div class=\"elementor-container elementor-column-gap-default\">\n\t\t\t\t\t<div class=\"elementor-column elementor-col-50 elementor-inner-column elementor-element elementor-element-7c01168\" data-id=\"7c01168\" data-element_type=\"column\">\n\t\t\t<div class=\"elementor-widget-wrap elementor-element-populated\">\n\t\t\t\t\t\t<div class=\"elementor-element elementor-element-587a2b8 elementor-widget elementor-widget-text-editor\" data-id=\"587a2b8\" data-element_type=\"widget\" data-widget_type=\"text-editor.default\">\n\t\t\t\t<div class=\"elementor-widget-container\">\n\t\t\t\t\t\t\tZIMMER F\u00dcR ALLE BED\u00dcRFNISSE\n\t\t\t\t\t\t<\/div>\n\t\t\t\t<\/div>\n\t\t\t\t<div class=\"elementor-element elementor-element-3f2db30 elementor-widget elementor-widget-text-editor\" data-id=\"3f2db30\" data-element_type=\"widget\" data-widget_type=\"text-editor.default\">\n\t\t\t\t<div class=\"elementor-widget-container\">\n\t\t\t\t\t\t\tDas Nichotel verf\u00fcgt \u00fcber 17 Zimmer verschiedener Art, um den Bed\u00fcrfnissen eines jeden von Ihnen gerecht zu werden. Von den Balkonen Ihrer Zimmer aus oder noch besser von den Terrassen des obersten Stockwerks aus k\u00f6nnen Sie einen Blick auf die Strandpromenade in einer Umgebung aus Kl\u00e4ngen und Farben genie\u00dfen, die jeden Ihrer Aufwachmomente erhellen. Von den ruhigen und frischen Fr\u00fchlingsmorgenden \u00fcber das gesch\u00e4ftige Treiben der Sommertage bis hin zu den Sonnenunterg\u00e4ngen.. die Sie in die warmen Lichter des Abends begleiten. \t\t\t\t\t\t<\/div>\n\t\t\t\t<\/div>\n\t\t\t\t\t<\/div>\n\t\t<\/div>\n\t\t\t\t<div class=\"elementor-column elementor-col-50 elementor-inner-column elementor-element elementor-element-daed4ea\" data-id=\"daed4ea\" data-element_type=\"column\">\n\t\t\t<div class=\"elementor-widget-wrap elementor-element-populated\">\n\t\t\t\t\t\t<div class=\"elementor-element elementor-element-e41c8ed elementor-widget elementor-widget-image\" data-id=\"e41c8ed\" data-element_type=\"widget\" data-widget_type=\"image.default\">\n\t\t\t\t<div class=\"elementor-widget-container\">\n\t\t\t\t\t\t\t\t\t\t\t\t\t<img decoding=\"async\" width=\"2048\" height=\"1363\" data-src=\"https:\/\/www.nichotel.it\/wp-content\/uploads\/2024\/09\/nostra-proprieta-1.jpg\" class=\"attachment-full size-full wp-image-20464 lazyload\" alt=\"\" data-srcset=\"https:\/\/www.nichotel.it\/wp-content\/uploads\/2024\/09\/nostra-proprieta-1.jpg 2048w, https:\/\/www.nichotel.it\/wp-content\/uploads\/2024\/09\/nostra-proprieta-1-300x200.jpg 300w, https:\/\/www.nichotel.it\/wp-content\/uploads\/2024\/09\/nostra-proprieta-1-1024x682.jpg 1024w, https:\/\/www.nichotel.it\/wp-content\/uploads\/2024\/09\/nostra-proprieta-1-768x511.jpg 768w, https:\/\/www.nichotel.it\/wp-content\/uploads\/2024\/09\/nostra-proprieta-1-1536x1022.jpg 1536w, https:\/\/www.nichotel.it\/wp-content\/uploads\/2024\/09\/nostra-proprieta-1-700x466.jpg 700w\" data-sizes=\"(max-width: 2048px) 100vw, 2048px\" src=\"data:image\/gif;base64,R0lGODlhAQABAAAAACH5BAEKAAEALAAAAAABAAEAAAICTAEAOw==\" style=\"--smush-placeholder-width: 2048px; --smush-placeholder-aspect-ratio: 2048\/1363;\" \/>\t\t\t\t\t\t\t\t\t\t\t\t\t<\/div>\n\t\t\t\t<\/div>\n\t\t\t\t\t<\/div>\n\t\t<\/div>\n\t\t\t\t\t<\/div>\n\t\t<\/section>\n\t\t\t\t\t<\/div>\n\t\t<\/div>\n\t\t\t\t\t<\/div>\n\t\t<\/section>\n\t\t\t\t<section class=\"elementor-section elementor-top-section elementor-element elementor-element-7692078 elementor-section-boxed elementor-section-height-default elementor-section-height-default parallax_section_no qode_elementor_container_no\" data-id=\"7692078\" data-element_type=\"section\" data-settings=\"{&quot;background_background&quot;:&quot;classic&quot;}\">\n\t\t\t\t\t\t<div class=\"elementor-container elementor-column-gap-default\">\n\t\t\t\t\t<div class=\"elementor-column elementor-col-100 elementor-top-column elementor-element elementor-element-6afacdc\" data-id=\"6afacdc\" data-element_type=\"column\">\n\t\t\t<div class=\"elementor-widget-wrap elementor-element-populated\">\n\t\t\t\t\t\t<section class=\"elementor-section elementor-inner-section elementor-element elementor-element-2f56546 qode_elementor_container_inner elementor-section-full_width elementor-section-height-default elementor-section-height-default parallax_section_no\" data-id=\"2f56546\" data-element_type=\"section\">\n\t\t\t\t\t\t<div class=\"elementor-container elementor-column-gap-default\">\n\t\t\t\t\t<div class=\"elementor-column elementor-col-50 elementor-inner-column elementor-element elementor-element-304fd6e\" data-id=\"304fd6e\" data-element_type=\"column\">\n\t\t\t<div class=\"elementor-widget-wrap elementor-element-populated\">\n\t\t\t\t\t\t<div class=\"elementor-element elementor-element-9fc2cc8 elementor-widget elementor-widget-image\" data-id=\"9fc2cc8\" data-element_type=\"widget\" data-widget_type=\"image.default\">\n\t\t\t\t<div class=\"elementor-widget-container\">\n\t\t\t\t\t\t\t\t\t\t\t\t\t<img decoding=\"async\" width=\"1920\" height=\"839\" data-src=\"https:\/\/www.nichotel.it\/wp-content\/uploads\/2025\/06\/dal-2007.jpeg\" class=\"attachment-full size-full wp-image-22960 lazyload\" alt=\"\" data-srcset=\"https:\/\/www.nichotel.it\/wp-content\/uploads\/2025\/06\/dal-2007.jpeg 1920w, https:\/\/www.nichotel.it\/wp-content\/uploads\/2025\/06\/dal-2007-300x131.jpeg 300w, https:\/\/www.nichotel.it\/wp-content\/uploads\/2025\/06\/dal-2007-1024x447.jpeg 1024w, https:\/\/www.nichotel.it\/wp-content\/uploads\/2025\/06\/dal-2007-768x336.jpeg 768w, https:\/\/www.nichotel.it\/wp-content\/uploads\/2025\/06\/dal-2007-1536x671.jpeg 1536w, https:\/\/www.nichotel.it\/wp-content\/uploads\/2025\/06\/dal-2007-700x306.jpeg 700w\" data-sizes=\"(max-width: 1920px) 100vw, 1920px\" src=\"data:image\/gif;base64,R0lGODlhAQABAAAAACH5BAEKAAEALAAAAAABAAEAAAICTAEAOw==\" style=\"--smush-placeholder-width: 1920px; --smush-placeholder-aspect-ratio: 1920\/839;\" \/>\t\t\t\t\t\t\t\t\t\t\t\t\t<\/div>\n\t\t\t\t<\/div>\n\t\t\t\t\t<\/div>\n\t\t<\/div>\n\t\t\t\t<div class=\"elementor-column elementor-col-50 elementor-inner-column elementor-element elementor-element-70a7728\" data-id=\"70a7728\" data-element_type=\"column\">\n\t\t\t<div class=\"elementor-widget-wrap elementor-element-populated\">\n\t\t\t\t\t\t<div class=\"elementor-element elementor-element-13882bf elementor-widget elementor-widget-text-editor\" data-id=\"13882bf\" data-element_type=\"widget\" data-widget_type=\"text-editor.default\">\n\t\t\t\t<div class=\"elementor-widget-container\">\n\t\t\t\t\t\t\tNICHOTEL, SEIT 2007 F\u00dcR SIE\n\t\t\t\t\t\t<\/div>\n\t\t\t\t<\/div>\n\t\t\t\t<div class=\"elementor-element elementor-element-2227d1c elementor-widget elementor-widget-text-editor\" data-id=\"2227d1c\" data-element_type=\"widget\" data-widget_type=\"text-editor.default\">\n\t\t\t\t<div class=\"elementor-widget-container\">\n\t\t\t\t\t\t\tDas Nichotel entsteht 2007 durch die Renovierung eines historischen Geb\u00e4udes, vor allem aber durch den uners\u00e4ttlichen Fortschrittswillen von Nicolo, dem Stammvater der Familie Pomata, der immer mit einem Auge auf die Zukunft gerichtet war. Nachdem er bereits Exzellenz in der Gastronomiewelt erreicht hatte, wollte er sich im Hotelgewerbe beweisen und \u00fcbergab die \u201cHausschl\u00fcssel\u201d seiner professionellen und immer l\u00e4chelnden Tochter Maddalena.\t\t\t\t\t\t<\/div>\n\t\t\t\t<\/div>\n\t\t\t\t\t<\/div>\n\t\t<\/div>\n\t\t\t\t\t<\/div>\n\t\t<\/section>\n\t\t\t\t\t<\/div>\n\t\t<\/div>\n\t\t\t\t\t<\/div>\n\t\t<\/section>\n\t\t\t\t<\/div>\n\t\t","protected":false},"excerpt":{"rendered":"<p>UNSERE EIGENTUM Noch bevor Sie unsere kleine Insel erreichen, k\u00f6nnen Sie bereits das Schild des Nichotels sehen! Wir befinden uns nur wenige Meter vom Hafen entfernt, im Herzen der Altstadt. IM ZENTRUM UND UM DAS MEER HERUMIn dem einzigen bewohnten Zentrum der Insel San Pietro&#8230;<\/p>\n","protected":false},"author":1,"featured_media":0,"parent":0,"menu_order":0,"comment_status":"open","ping_status":"closed","template":"full_width.php","meta":{"content-type":"","iawp_total_views":41,"footnotes":""},"class_list":["post-22036","page","type-page","status-publish","hentry"],"yoast_head":"<!-- This site is optimized with the Yoast SEO plugin v25.0 - https:\/\/yoast.com\/wordpress\/plugins\/seo\/ -->\n<title>Nichotel Carloforte | Gastfreundschaft im Herzen der Insel<\/title>\n<meta name=\"description\" content=\"Entdecken Sie die Geschichte des Nichotel: familiengef\u00fchrtes Hotel seit 2007 im historischen Zentrum von Carloforte, nur wenige Schritte vom Hafen entfernt.\" \/>\n<meta name=\"robots\" content=\"index, follow, max-snippet:-1, max-image-preview:large, max-video-preview:-1\" \/>\n<link rel=\"canonical\" href=\"https:\/\/www.nichotel.it\/la-nostra-proprieta\/\" \/>\n<meta property=\"og:locale\" content=\"de_DE\" \/>\n<meta property=\"og:type\" content=\"article\" \/>\n<meta property=\"og:title\" content=\"Nichotel Carloforte | Gastfreundschaft im Herzen der Insel\" \/>\n<meta property=\"og:description\" content=\"Entdecken Sie die Geschichte des Nichotel: familiengef\u00fchrtes Hotel seit 2007 im historischen Zentrum von Carloforte, nur wenige Schritte vom Hafen entfernt.\" \/>\n<meta property=\"og:url\" content=\"https:\/\/www.nichotel.it\/la-nostra-proprieta\/\" \/>\n<meta property=\"og:site_name\" content=\"Nichotel\" \/>\n<meta property=\"article:modified_time\" content=\"2025-06-23T10:02:28+00:00\" \/>\n<meta property=\"og:image\" content=\"https:\/\/www.nichotel.it\/wp-content\/uploads\/2024\/09\/nostra-proprieta.jpg\" \/>\n\t<meta property=\"og:image:width\" content=\"900\" \/>\n\t<meta property=\"og:image:height\" content=\"600\" \/>\n\t<meta property=\"og:image:type\" content=\"image\/jpeg\" \/>\n<meta name=\"twitter:card\" content=\"summary_large_image\" \/>\n<meta name=\"twitter:label1\" content=\"Gesch\u00e4tzte Lesezeit\" \/>\n\t<meta name=\"twitter:data1\" content=\"3\u00a0Minuten\" \/>\n<script type=\"application\/ld+json\" class=\"yoast-schema-graph\">{\"@context\":\"https:\/\/schema.org\",\"@graph\":[{\"@type\":\"WebPage\",\"@id\":\"https:\/\/www.nichotel.it\/la-nostra-proprieta\/\",\"url\":\"https:\/\/www.nichotel.it\/la-nostra-proprieta\/\",\"name\":\"Nichotel Carloforte | Gastfreundschaft im Herzen der Insel\",\"isPartOf\":{\"@id\":\"https:\/\/www.nichotel.it\/#website\"},\"primaryImageOfPage\":{\"@id\":\"https:\/\/www.nichotel.it\/la-nostra-proprieta\/#primaryimage\"},\"image\":{\"@id\":\"https:\/\/www.nichotel.it\/la-nostra-proprieta\/#primaryimage\"},\"thumbnailUrl\":\"https:\/\/www.nichotel.it\/wp-content\/uploads\/2024\/09\/nostra-proprieta.jpg\",\"datePublished\":\"2024-09-05T13:48:41+00:00\",\"dateModified\":\"2025-06-23T10:02:28+00:00\",\"description\":\"Entdecken Sie die Geschichte des Nichotel: familiengef\u00fchrtes Hotel seit 2007 im historischen Zentrum von Carloforte, nur wenige Schritte vom Hafen entfernt.\",\"breadcrumb\":{\"@id\":\"https:\/\/www.nichotel.it\/la-nostra-proprieta\/#breadcrumb\"},\"inLanguage\":\"de\",\"potentialAction\":[{\"@type\":\"ReadAction\",\"target\":[\"https:\/\/www.nichotel.it\/la-nostra-proprieta\/\"]}]},{\"@type\":\"ImageObject\",\"inLanguage\":\"de\",\"@id\":\"https:\/\/www.nichotel.it\/la-nostra-proprieta\/#primaryimage\",\"url\":\"https:\/\/www.nichotel.it\/wp-content\/uploads\/2024\/09\/nostra-proprieta.jpg\",\"contentUrl\":\"https:\/\/www.nichotel.it\/wp-content\/uploads\/2024\/09\/nostra-proprieta.jpg\"},{\"@type\":\"BreadcrumbList\",\"@id\":\"https:\/\/www.nichotel.it\/la-nostra-proprieta\/#breadcrumb\",\"itemListElement\":[{\"@type\":\"ListItem\",\"position\":1,\"name\":\"Home\",\"item\":\"https:\/\/www.nichotel.it\/\"},{\"@type\":\"ListItem\",\"position\":2,\"name\":\"Unser Eigentum\"}]},{\"@type\":\"WebSite\",\"@id\":\"https:\/\/www.nichotel.it\/#website\",\"url\":\"https:\/\/www.nichotel.it\/\",\"name\":\"Nichotel\",\"description\":\"\",\"publisher\":{\"@id\":\"https:\/\/www.nichotel.it\/#organization\"},\"potentialAction\":[{\"@type\":\"SearchAction\",\"target\":{\"@type\":\"EntryPoint\",\"urlTemplate\":\"https:\/\/www.nichotel.it\/?s={search_term_string}\"},\"query-input\":{\"@type\":\"PropertyValueSpecification\",\"valueRequired\":true,\"valueName\":\"search_term_string\"}}],\"inLanguage\":\"de\"},{\"@type\":\"Organization\",\"@id\":\"https:\/\/www.nichotel.it\/#organization\",\"name\":\"Nichotel\",\"url\":\"https:\/\/www.nichotel.it\/\",\"logo\":{\"@type\":\"ImageObject\",\"inLanguage\":\"de\",\"@id\":\"https:\/\/www.nichotel.it\/#\/schema\/logo\/image\/\",\"url\":\"http:\/\/www.nichotel.it\/wp-content\/uploads\/2024\/08\/nichotel_b7e07c9525.jpg\",\"contentUrl\":\"http:\/\/www.nichotel.it\/wp-content\/uploads\/2024\/08\/nichotel_b7e07c9525.jpg\",\"width\":2170,\"height\":1927,\"caption\":\"Nichotel\"},\"image\":{\"@id\":\"https:\/\/www.nichotel.it\/#\/schema\/logo\/image\/\"}}]}<\/script>\n<!-- \/ Yoast SEO plugin. -->","yoast_head_json":{"title":"Nichotel Carloforte | Gastfreundschaft im Herzen der Insel","description":"Entdecken Sie die Geschichte des Nichotel: familiengef\u00fchrtes Hotel seit 2007 im historischen Zentrum von Carloforte, nur wenige Schritte vom Hafen entfernt.","robots":{"index":"index","follow":"follow","max-snippet":"max-snippet:-1","max-image-preview":"max-image-preview:large","max-video-preview":"max-video-preview:-1"},"canonical":"https:\/\/www.nichotel.it\/la-nostra-proprieta\/","og_locale":"de_DE","og_type":"article","og_title":"Nichotel Carloforte | Gastfreundschaft im Herzen der Insel","og_description":"Entdecken Sie die Geschichte des Nichotel: familiengef\u00fchrtes Hotel seit 2007 im historischen Zentrum von Carloforte, nur wenige Schritte vom Hafen entfernt.","og_url":"https:\/\/www.nichotel.it\/la-nostra-proprieta\/","og_site_name":"Nichotel","article_modified_time":"2025-06-23T10:02:28+00:00","og_image":[{"width":900,"height":600,"url":"https:\/\/www.nichotel.it\/wp-content\/uploads\/2024\/09\/nostra-proprieta.jpg","type":"image\/jpeg"}],"twitter_card":"summary_large_image","twitter_misc":{"Gesch\u00e4tzte Lesezeit":"3\u00a0Minuten"},"schema":{"@context":"https:\/\/schema.org","@graph":[{"@type":"WebPage","@id":"https:\/\/www.nichotel.it\/la-nostra-proprieta\/","url":"https:\/\/www.nichotel.it\/la-nostra-proprieta\/","name":"Nichotel Carloforte | Gastfreundschaft im Herzen der Insel","isPartOf":{"@id":"https:\/\/www.nichotel.it\/#website"},"primaryImageOfPage":{"@id":"https:\/\/www.nichotel.it\/la-nostra-proprieta\/#primaryimage"},"image":{"@id":"https:\/\/www.nichotel.it\/la-nostra-proprieta\/#primaryimage"},"thumbnailUrl":"https:\/\/www.nichotel.it\/wp-content\/uploads\/2024\/09\/nostra-proprieta.jpg","datePublished":"2024-09-05T13:48:41+00:00","dateModified":"2025-06-23T10:02:28+00:00","description":"Entdecken Sie die Geschichte des Nichotel: familiengef\u00fchrtes Hotel seit 2007 im historischen Zentrum von Carloforte, nur wenige Schritte vom Hafen entfernt.","breadcrumb":{"@id":"https:\/\/www.nichotel.it\/la-nostra-proprieta\/#breadcrumb"},"inLanguage":"de","potentialAction":[{"@type":"ReadAction","target":["https:\/\/www.nichotel.it\/la-nostra-proprieta\/"]}]},{"@type":"ImageObject","inLanguage":"de","@id":"https:\/\/www.nichotel.it\/la-nostra-proprieta\/#primaryimage","url":"https:\/\/www.nichotel.it\/wp-content\/uploads\/2024\/09\/nostra-proprieta.jpg","contentUrl":"https:\/\/www.nichotel.it\/wp-content\/uploads\/2024\/09\/nostra-proprieta.jpg"},{"@type":"BreadcrumbList","@id":"https:\/\/www.nichotel.it\/la-nostra-proprieta\/#breadcrumb","itemListElement":[{"@type":"ListItem","position":1,"name":"Home","item":"https:\/\/www.nichotel.it\/"},{"@type":"ListItem","position":2,"name":"Unser Eigentum"}]},{"@type":"WebSite","@id":"https:\/\/www.nichotel.it\/#website","url":"https:\/\/www.nichotel.it\/","name":"Nichotel","description":"","publisher":{"@id":"https:\/\/www.nichotel.it\/#organization"},"potentialAction":[{"@type":"SearchAction","target":{"@type":"EntryPoint","urlTemplate":"https:\/\/www.nichotel.it\/?s={search_term_string}"},"query-input":{"@type":"PropertyValueSpecification","valueRequired":true,"valueName":"search_term_string"}}],"inLanguage":"de"},{"@type":"Organization","@id":"https:\/\/www.nichotel.it\/#organization","name":"Nichotel","url":"https:\/\/www.nichotel.it\/","logo":{"@type":"ImageObject","inLanguage":"de","@id":"https:\/\/www.nichotel.it\/#\/schema\/logo\/image\/","url":"http:\/\/www.nichotel.it\/wp-content\/uploads\/2024\/08\/nichotel_b7e07c9525.jpg","contentUrl":"http:\/\/www.nichotel.it\/wp-content\/uploads\/2024\/08\/nichotel_b7e07c9525.jpg","width":2170,"height":1927,"caption":"Nichotel"},"image":{"@id":"https:\/\/www.nichotel.it\/#\/schema\/logo\/image\/"}}]}},"_links":{"self":[{"href":"https:\/\/www.nichotel.it\/de\/wp-json\/wp\/v2\/pages\/22036","targetHints":{"allow":["GET"]}}],"collection":[{"href":"https:\/\/www.nichotel.it\/de\/wp-json\/wp\/v2\/pages"}],"about":[{"href":"https:\/\/www.nichotel.it\/de\/wp-json\/wp\/v2\/types\/page"}],"author":[{"embeddable":true,"href":"https:\/\/www.nichotel.it\/de\/wp-json\/wp\/v2\/users\/1"}],"replies":[{"embeddable":true,"href":"https:\/\/www.nichotel.it\/de\/wp-json\/wp\/v2\/comments?post=22036"}],"version-history":[{"count":19,"href":"https:\/\/www.nichotel.it\/de\/wp-json\/wp\/v2\/pages\/22036\/revisions"}],"predecessor-version":[{"id":23177,"href":"https:\/\/www.nichotel.it\/de\/wp-json\/wp\/v2\/pages\/22036\/revisions\/23177"}],"wp:attachment":[{"href":"https:\/\/www.nichotel.it\/de\/wp-json\/wp\/v2\/media?parent=22036"}],"curies":[{"name":"wp","href":"https:\/\/api.w.org\/{rel}","templated":true}]}}