{"id":22035,"date":"2024-09-05T15:48:41","date_gmt":"2024-09-05T13:48:41","guid":{"rendered":"http:\/\/www.nichotel.it\/la-nostra-proprieta\/"},"modified":"2025-06-23T12:01:54","modified_gmt":"2025-06-23T10:01:54","slug":"notre-propriete","status":"publish","type":"page","link":"https:\/\/www.nichotel.it\/fr\/notre-propriete\/","title":{"rendered":"Notre propri\u00e9t\u00e9"},"content":{"rendered":"\t\t<div data-elementor-type=\"wp-page\" data-elementor-id=\"22035\" class=\"elementor elementor-22035 elementor-20447\" data-elementor-post-type=\"page\">\n\t\t\t\t<div class=\"elementor-element elementor-element-56640a56 e-flex e-con-boxed parallax_section_no qode_elementor_container_no e-con e-parent\" data-id=\"56640a56\" data-element_type=\"container\" data-settings=\"{&quot;background_background&quot;:&quot;classic&quot;}\">\n\t\t\t\t\t<div class=\"e-con-inner\">\n\t\t\t\t<div class=\"elementor-element elementor-element-70b9ef1 elementor-widget elementor-widget-heading\" data-id=\"70b9ef1\" data-element_type=\"widget\" data-widget_type=\"heading.default\">\n\t\t\t\t<div class=\"elementor-widget-container\">\n\t\t\t<style>\/*! elementor - v3.23.0 - 05-08-2024 *\/\n.elementor-heading-title{padding:0;margin:0;line-height:1}.elementor-widget-heading .elementor-heading-title[class*=elementor-size-]>a{color:inherit;font-size:inherit;line-height:inherit}.elementor-widget-heading .elementor-heading-title.elementor-size-small{font-size:15px}.elementor-widget-heading .elementor-heading-title.elementor-size-medium{font-size:19px}.elementor-widget-heading .elementor-heading-title.elementor-size-large{font-size:29px}.elementor-widget-heading .elementor-heading-title.elementor-size-xl{font-size:39px}.elementor-widget-heading .elementor-heading-title.elementor-size-xxl{font-size:59px}<\/style><h1 class=\"elementor-heading-title elementor-size-default\">NOTRE PROPRI\u00c9T\u00c9<\/h1>\t\t<\/div>\n\t\t\t\t<\/div>\n\t\t\t\t\t<\/div>\n\t\t\t\t<\/div>\n\t\t\t\t<section class=\"elementor-section elementor-top-section elementor-element elementor-element-6d7aa72 elementor-section-boxed elementor-section-height-default elementor-section-height-default parallax_section_no qode_elementor_container_no\" data-id=\"6d7aa72\" data-element_type=\"section\" data-settings=\"{&quot;background_background&quot;:&quot;classic&quot;}\">\n\t\t\t\t\t\t<div class=\"elementor-container elementor-column-gap-default\">\n\t\t\t\t\t<div class=\"elementor-column elementor-col-100 elementor-top-column elementor-element elementor-element-479e02b\" data-id=\"479e02b\" data-element_type=\"column\">\n\t\t\t<div class=\"elementor-widget-wrap elementor-element-populated\">\n\t\t\t\t\t\t<section class=\"elementor-section elementor-inner-section elementor-element elementor-element-1b45166 qode_elementor_container_inner elementor-section-full_width elementor-section-height-default elementor-section-height-default parallax_section_no\" data-id=\"1b45166\" data-element_type=\"section\">\n\t\t\t\t\t\t<div class=\"elementor-container elementor-column-gap-default\">\n\t\t\t\t\t<div class=\"elementor-column elementor-col-100 elementor-inner-column elementor-element elementor-element-b7147bd\" data-id=\"b7147bd\" data-element_type=\"column\">\n\t\t\t<div class=\"elementor-widget-wrap elementor-element-populated\">\n\t\t\t\t\t\t<div class=\"elementor-element elementor-element-30310ea elementor-widget elementor-widget-text-editor\" data-id=\"30310ea\" data-element_type=\"widget\" data-widget_type=\"text-editor.default\">\n\t\t\t\t<div class=\"elementor-widget-container\">\n\t\t\t<style>\/*! elementor - v3.23.0 - 05-08-2024 *\/\n.elementor-widget-text-editor.elementor-drop-cap-view-stacked .elementor-drop-cap{background-color:#69727d;color:#fff}.elementor-widget-text-editor.elementor-drop-cap-view-framed .elementor-drop-cap{color:#69727d;border:3px solid;background-color:transparent}.elementor-widget-text-editor:not(.elementor-drop-cap-view-default) .elementor-drop-cap{margin-top:8px}.elementor-widget-text-editor:not(.elementor-drop-cap-view-default) .elementor-drop-cap-letter{width:1em;height:1em}.elementor-widget-text-editor .elementor-drop-cap{float:left;text-align:center;line-height:1;font-size:50px}.elementor-widget-text-editor .elementor-drop-cap-letter{display:inline-block}<\/style>\t\t\t\tAvant m\u00eame d\u2019arriver sur notre petite \u00eele, vous pourrez d\u00e9j\u00e0 apercevoir l\u2019enseigne du Nichotel! Nous nous trouvons \u00e0 quelques m\u00e8tres du port, au c\u0153ur du centre historique.\n\t\t\t\t\t\t<\/div>\n\t\t\t\t<\/div>\n\t\t\t\t\t<\/div>\n\t\t<\/div>\n\t\t\t\t\t<\/div>\n\t\t<\/section>\n\t\t\t\t\t<\/div>\n\t\t<\/div>\n\t\t\t\t\t<\/div>\n\t\t<\/section>\n\t\t\t\t<section class=\"elementor-section elementor-top-section elementor-element elementor-element-7d792cc elementor-section-boxed elementor-section-height-default elementor-section-height-default parallax_section_no qode_elementor_container_no\" data-id=\"7d792cc\" data-element_type=\"section\" data-settings=\"{&quot;background_background&quot;:&quot;classic&quot;}\">\n\t\t\t\t\t\t<div class=\"elementor-container elementor-column-gap-default\">\n\t\t\t\t\t<div class=\"elementor-column elementor-col-100 elementor-top-column elementor-element elementor-element-26a0fac\" data-id=\"26a0fac\" data-element_type=\"column\">\n\t\t\t<div class=\"elementor-widget-wrap elementor-element-populated\">\n\t\t\t\t\t\t<section class=\"elementor-section elementor-inner-section elementor-element elementor-element-6e4ee86 qode_elementor_container_inner elementor-section-full_width elementor-section-height-default elementor-section-height-default parallax_section_no\" data-id=\"6e4ee86\" data-element_type=\"section\">\n\t\t\t\t\t\t<div class=\"elementor-container elementor-column-gap-default\">\n\t\t\t\t\t<div class=\"elementor-column elementor-col-50 elementor-inner-column elementor-element elementor-element-8ba3b9c\" data-id=\"8ba3b9c\" data-element_type=\"column\">\n\t\t\t<div class=\"elementor-widget-wrap elementor-element-populated\">\n\t\t\t\t\t\t<div class=\"elementor-element elementor-element-444aaa8 elementor-widget elementor-widget-image\" data-id=\"444aaa8\" data-element_type=\"widget\" data-widget_type=\"image.default\">\n\t\t\t\t<div class=\"elementor-widget-container\">\n\t\t\t\t\t\t\t\t\t\t\t\t\t<img fetchpriority=\"high\" decoding=\"async\" width=\"900\" height=\"600\" src=\"https:\/\/www.nichotel.it\/wp-content\/uploads\/2024\/09\/nostra-proprieta.jpg\" class=\"attachment-full size-full wp-image-20455\" alt=\"\" srcset=\"https:\/\/www.nichotel.it\/wp-content\/uploads\/2024\/09\/nostra-proprieta.jpg 900w, https:\/\/www.nichotel.it\/wp-content\/uploads\/2024\/09\/nostra-proprieta-300x200.jpg 300w, https:\/\/www.nichotel.it\/wp-content\/uploads\/2024\/09\/nostra-proprieta-768x512.jpg 768w, https:\/\/www.nichotel.it\/wp-content\/uploads\/2024\/09\/nostra-proprieta-700x467.jpg 700w\" sizes=\"(max-width: 900px) 100vw, 900px\" \/>\t\t\t\t\t\t\t\t\t\t\t\t\t<\/div>\n\t\t\t\t<\/div>\n\t\t\t\t\t<\/div>\n\t\t<\/div>\n\t\t\t\t<div class=\"elementor-column elementor-col-50 elementor-inner-column elementor-element elementor-element-53a6254\" data-id=\"53a6254\" data-element_type=\"column\">\n\t\t\t<div class=\"elementor-widget-wrap elementor-element-populated\">\n\t\t\t\t\t\t<div class=\"elementor-element elementor-element-26cafee elementor-widget elementor-widget-text-editor\" data-id=\"26cafee\" data-element_type=\"widget\" data-widget_type=\"text-editor.default\">\n\t\t\t\t<div class=\"elementor-widget-container\">\n\t\t\t\t\t\t\tAU CENTRE ET AUTOUR DE LA MER\n\t\t\t\t\t\t<\/div>\n\t\t\t\t<\/div>\n\t\t\t\t<div class=\"elementor-element elementor-element-5466cc6 elementor-widget elementor-widget-text-editor\" data-id=\"5466cc6\" data-element_type=\"widget\" data-widget_type=\"text-editor.default\">\n\t\t\t\t<div class=\"elementor-widget-container\">\n\t\t\t\t\t\t\tDans le seul centre habit\u00e9 de l\u2019\u00eele de San Pietro, le Nichotel vous ouvre ses portes et vous invite \u00e0 passer des vacances plac\u00e9es sous le signe de la d\u00e9tente et du confort. Plongez dans la magie de l\u2019\u00eele et profitez de la beaut\u00e9 de la nature sauvage, des plages et de notre mer cristalline. \u00c0 quelques pas du d\u00e9barcad\u00e8re du ferry, dans l\u2019une des principales rues de la ville, se trouve notre h\u00f4tel. Vous serez accueillis ici par un personnel jeune et dynamique, pr\u00eat \u00e0 r\u00e9pondre \u00e0 vos besoins. Vous n\u2019aurez \u00e0 vous soucier de rien, nous nous occupons de tout ! Votre mission est de vous d\u00e9tendre, la n\u00f4tre est de faire en sorte que cela se produise.\t\t\t\t\t\t<\/div>\n\t\t\t\t<\/div>\n\t\t\t\t\t<\/div>\n\t\t<\/div>\n\t\t\t\t\t<\/div>\n\t\t<\/section>\n\t\t\t\t\t<\/div>\n\t\t<\/div>\n\t\t\t\t\t<\/div>\n\t\t<\/section>\n\t\t\t\t<section class=\"elementor-section elementor-top-section elementor-element elementor-element-7a3b9f6 elementor-section-boxed elementor-section-height-default elementor-section-height-default parallax_section_no qode_elementor_container_no\" data-id=\"7a3b9f6\" data-element_type=\"section\" data-settings=\"{&quot;background_background&quot;:&quot;classic&quot;}\">\n\t\t\t\t\t\t<div class=\"elementor-container elementor-column-gap-default\">\n\t\t\t\t\t<div class=\"elementor-column elementor-col-100 elementor-top-column elementor-element elementor-element-d9f2599\" data-id=\"d9f2599\" data-element_type=\"column\">\n\t\t\t<div class=\"elementor-widget-wrap elementor-element-populated\">\n\t\t\t\t\t\t<section class=\"elementor-section elementor-inner-section elementor-element elementor-element-575cc3e qode_elementor_container_inner elementor-section-full_width elementor-reverse-mobile elementor-section-height-default elementor-section-height-default parallax_section_no\" data-id=\"575cc3e\" data-element_type=\"section\">\n\t\t\t\t\t\t<div class=\"elementor-container elementor-column-gap-default\">\n\t\t\t\t\t<div class=\"elementor-column elementor-col-50 elementor-inner-column elementor-element elementor-element-7c01168\" data-id=\"7c01168\" data-element_type=\"column\">\n\t\t\t<div class=\"elementor-widget-wrap elementor-element-populated\">\n\t\t\t\t\t\t<div class=\"elementor-element elementor-element-587a2b8 elementor-widget elementor-widget-text-editor\" data-id=\"587a2b8\" data-element_type=\"widget\" data-widget_type=\"text-editor.default\">\n\t\t\t\t<div class=\"elementor-widget-container\">\n\t\t\t\t\t\t\tCHAMBRES POUR TOUS LES BESOINS\n\t\t\t\t\t\t<\/div>\n\t\t\t\t<\/div>\n\t\t\t\t<div class=\"elementor-element elementor-element-3f2db30 elementor-widget elementor-widget-text-editor\" data-id=\"3f2db30\" data-element_type=\"widget\" data-widget_type=\"text-editor.default\">\n\t\t\t\t<div class=\"elementor-widget-container\">\n\t\t\t\t\t\t\tLe Nichotel dispose de 17 chambres de diff\u00e9rents types pour r\u00e9pondre aux besoins de chacun d\u2019entre vous. Depuis les balcons de vos chambres ou encore mieux depuis les terrasses du dernier \u00e9tage, vous pourrez profiter d\u2019une vue sur le front de mer dans un cadre de sons et de couleurs capable de ravir chaque r\u00e9veil. Des matin\u00e9es calmes et fra\u00eeches du printemps, \u00e0 l\u2019effervescence des journ\u00e9es estivales, jusqu\u2019aux couchers de soleil.. qui vous accompagnent vers les lumi\u00e8res chaudes du soir. \t\t\t\t\t\t<\/div>\n\t\t\t\t<\/div>\n\t\t\t\t\t<\/div>\n\t\t<\/div>\n\t\t\t\t<div class=\"elementor-column elementor-col-50 elementor-inner-column elementor-element elementor-element-daed4ea\" data-id=\"daed4ea\" data-element_type=\"column\">\n\t\t\t<div class=\"elementor-widget-wrap elementor-element-populated\">\n\t\t\t\t\t\t<div class=\"elementor-element elementor-element-e41c8ed elementor-widget elementor-widget-image\" data-id=\"e41c8ed\" data-element_type=\"widget\" data-widget_type=\"image.default\">\n\t\t\t\t<div class=\"elementor-widget-container\">\n\t\t\t\t\t\t\t\t\t\t\t\t\t<img decoding=\"async\" width=\"2048\" height=\"1363\" data-src=\"https:\/\/www.nichotel.it\/wp-content\/uploads\/2024\/09\/nostra-proprieta-1.jpg\" class=\"attachment-full size-full wp-image-20463 lazyload\" alt=\"\" data-srcset=\"https:\/\/www.nichotel.it\/wp-content\/uploads\/2024\/09\/nostra-proprieta-1.jpg 2048w, https:\/\/www.nichotel.it\/wp-content\/uploads\/2024\/09\/nostra-proprieta-1-300x200.jpg 300w, https:\/\/www.nichotel.it\/wp-content\/uploads\/2024\/09\/nostra-proprieta-1-1024x682.jpg 1024w, https:\/\/www.nichotel.it\/wp-content\/uploads\/2024\/09\/nostra-proprieta-1-768x511.jpg 768w, https:\/\/www.nichotel.it\/wp-content\/uploads\/2024\/09\/nostra-proprieta-1-1536x1022.jpg 1536w, https:\/\/www.nichotel.it\/wp-content\/uploads\/2024\/09\/nostra-proprieta-1-700x466.jpg 700w\" data-sizes=\"(max-width: 2048px) 100vw, 2048px\" src=\"data:image\/gif;base64,R0lGODlhAQABAAAAACH5BAEKAAEALAAAAAABAAEAAAICTAEAOw==\" style=\"--smush-placeholder-width: 2048px; --smush-placeholder-aspect-ratio: 2048\/1363;\" \/>\t\t\t\t\t\t\t\t\t\t\t\t\t<\/div>\n\t\t\t\t<\/div>\n\t\t\t\t\t<\/div>\n\t\t<\/div>\n\t\t\t\t\t<\/div>\n\t\t<\/section>\n\t\t\t\t\t<\/div>\n\t\t<\/div>\n\t\t\t\t\t<\/div>\n\t\t<\/section>\n\t\t\t\t<section class=\"elementor-section elementor-top-section elementor-element elementor-element-7692078 elementor-section-boxed elementor-section-height-default elementor-section-height-default parallax_section_no qode_elementor_container_no\" data-id=\"7692078\" data-element_type=\"section\" data-settings=\"{&quot;background_background&quot;:&quot;classic&quot;}\">\n\t\t\t\t\t\t<div class=\"elementor-container elementor-column-gap-default\">\n\t\t\t\t\t<div class=\"elementor-column elementor-col-100 elementor-top-column elementor-element elementor-element-6afacdc\" data-id=\"6afacdc\" data-element_type=\"column\">\n\t\t\t<div class=\"elementor-widget-wrap elementor-element-populated\">\n\t\t\t\t\t\t<section class=\"elementor-section elementor-inner-section elementor-element elementor-element-2f56546 qode_elementor_container_inner elementor-section-full_width elementor-section-height-default elementor-section-height-default parallax_section_no\" data-id=\"2f56546\" data-element_type=\"section\">\n\t\t\t\t\t\t<div class=\"elementor-container elementor-column-gap-default\">\n\t\t\t\t\t<div class=\"elementor-column elementor-col-50 elementor-inner-column elementor-element elementor-element-304fd6e\" data-id=\"304fd6e\" data-element_type=\"column\">\n\t\t\t<div class=\"elementor-widget-wrap elementor-element-populated\">\n\t\t\t\t\t\t<div class=\"elementor-element elementor-element-9fc2cc8 elementor-widget elementor-widget-image\" data-id=\"9fc2cc8\" data-element_type=\"widget\" data-widget_type=\"image.default\">\n\t\t\t\t<div class=\"elementor-widget-container\">\n\t\t\t\t\t\t\t\t\t\t\t\t\t<img decoding=\"async\" width=\"1920\" height=\"839\" data-src=\"https:\/\/www.nichotel.it\/wp-content\/uploads\/2025\/06\/dal-2007.jpeg\" class=\"attachment-full size-full wp-image-22959 lazyload\" alt=\"\" data-srcset=\"https:\/\/www.nichotel.it\/wp-content\/uploads\/2025\/06\/dal-2007.jpeg 1920w, https:\/\/www.nichotel.it\/wp-content\/uploads\/2025\/06\/dal-2007-300x131.jpeg 300w, https:\/\/www.nichotel.it\/wp-content\/uploads\/2025\/06\/dal-2007-1024x447.jpeg 1024w, https:\/\/www.nichotel.it\/wp-content\/uploads\/2025\/06\/dal-2007-768x336.jpeg 768w, https:\/\/www.nichotel.it\/wp-content\/uploads\/2025\/06\/dal-2007-1536x671.jpeg 1536w, https:\/\/www.nichotel.it\/wp-content\/uploads\/2025\/06\/dal-2007-700x306.jpeg 700w\" data-sizes=\"(max-width: 1920px) 100vw, 1920px\" src=\"data:image\/gif;base64,R0lGODlhAQABAAAAACH5BAEKAAEALAAAAAABAAEAAAICTAEAOw==\" style=\"--smush-placeholder-width: 1920px; --smush-placeholder-aspect-ratio: 1920\/839;\" \/>\t\t\t\t\t\t\t\t\t\t\t\t\t<\/div>\n\t\t\t\t<\/div>\n\t\t\t\t\t<\/div>\n\t\t<\/div>\n\t\t\t\t<div class=\"elementor-column elementor-col-50 elementor-inner-column elementor-element elementor-element-70a7728\" data-id=\"70a7728\" data-element_type=\"column\">\n\t\t\t<div class=\"elementor-widget-wrap elementor-element-populated\">\n\t\t\t\t\t\t<div class=\"elementor-element elementor-element-13882bf elementor-widget elementor-widget-text-editor\" data-id=\"13882bf\" data-element_type=\"widget\" data-widget_type=\"text-editor.default\">\n\t\t\t\t<div class=\"elementor-widget-container\">\n\t\t\t\t\t\t\tNICHOTEL, DEPUIS 2007 POUR VOUS\n\t\t\t\t\t\t<\/div>\n\t\t\t\t<\/div>\n\t\t\t\t<div class=\"elementor-element elementor-element-2227d1c elementor-widget elementor-widget-text-editor\" data-id=\"2227d1c\" data-element_type=\"widget\" data-widget_type=\"text-editor.default\">\n\t\t\t\t<div class=\"elementor-widget-container\">\n\t\t\t\t\t\t\tLe Nichotel voit le jour en 2007, suite \u00e0 la r\u00e9novation d\u2019un b\u00e2timent historique, mais surtout gr\u00e2ce \u00e0 la volont\u00e9 insatiable de progresser de Nicolo, patriarche de la famille Pomata, qui, toujours tourn\u00e9 vers l\u2019avenir, apr\u00e8s avoir atteint l\u2019excellence dans le monde de la restauration, a voulu se mettre \u00e0 l\u2019\u00e9preuve dans celui de l\u2019h\u00f4tellerie en confiant les cl\u00e9s \u201cde la maison\u201d \u00e0 sa fille professionnelle et toujours souriante, Maddalena.\t\t\t\t\t\t<\/div>\n\t\t\t\t<\/div>\n\t\t\t\t\t<\/div>\n\t\t<\/div>\n\t\t\t\t\t<\/div>\n\t\t<\/section>\n\t\t\t\t\t<\/div>\n\t\t<\/div>\n\t\t\t\t\t<\/div>\n\t\t<\/section>\n\t\t\t\t<\/div>\n\t\t","protected":false},"excerpt":{"rendered":"<p>NOTRE PROPRI\u00c9T\u00c9 Avant m\u00eame d\u2019arriver sur notre petite \u00eele, vous pourrez d\u00e9j\u00e0 apercevoir l\u2019enseigne du Nichotel! Nous nous trouvons \u00e0 quelques m\u00e8tres du port, au c\u0153ur du centre historique. AU CENTRE ET AUTOUR DE LA MER Dans le seul centre habit\u00e9 de l\u2019\u00eele de San&#8230;<\/p>\n","protected":false},"author":1,"featured_media":0,"parent":0,"menu_order":0,"comment_status":"open","ping_status":"closed","template":"full_width.php","meta":{"content-type":"","iawp_total_views":29,"footnotes":""},"class_list":["post-22035","page","type-page","status-publish","hentry"],"yoast_head":"<!-- This site is optimized with the Yoast SEO plugin v25.0 - https:\/\/yoast.com\/wordpress\/plugins\/seo\/ -->\n<title>Nichotel Carloforte | Hospitalit\u00e9 au c\u0153ur de l\u2019\u00eele\u200b<\/title>\n<meta name=\"description\" content=\"D\u00e9couvrez l&#039;histoire du Nichotel : h\u00f4tel familial depuis 2007, au centre historique de Carloforte, \u00e0 deux pas du port.\" \/>\n<meta name=\"robots\" content=\"index, follow, max-snippet:-1, max-image-preview:large, max-video-preview:-1\" \/>\n<link rel=\"canonical\" href=\"https:\/\/www.nichotel.it\/la-nostra-proprieta\/\" \/>\n<meta property=\"og:locale\" content=\"fr_FR\" \/>\n<meta property=\"og:type\" content=\"article\" \/>\n<meta property=\"og:title\" content=\"Nichotel Carloforte | Hospitalit\u00e9 au c\u0153ur de l\u2019\u00eele\u200b\" \/>\n<meta property=\"og:description\" content=\"D\u00e9couvrez l&#039;histoire du Nichotel : h\u00f4tel familial depuis 2007, au centre historique de Carloforte, \u00e0 deux pas du port.\" \/>\n<meta property=\"og:url\" content=\"https:\/\/www.nichotel.it\/la-nostra-proprieta\/\" \/>\n<meta property=\"og:site_name\" content=\"Nichotel\" \/>\n<meta property=\"article:modified_time\" content=\"2025-06-23T10:01:54+00:00\" \/>\n<meta property=\"og:image\" content=\"https:\/\/www.nichotel.it\/wp-content\/uploads\/2024\/09\/nostra-proprieta.jpg\" \/>\n\t<meta property=\"og:image:width\" content=\"900\" \/>\n\t<meta property=\"og:image:height\" content=\"600\" \/>\n\t<meta property=\"og:image:type\" content=\"image\/jpeg\" \/>\n<meta name=\"twitter:card\" content=\"summary_large_image\" \/>\n<meta name=\"twitter:label1\" content=\"Dur\u00e9e de lecture estim\u00e9e\" \/>\n\t<meta name=\"twitter:data1\" content=\"3 minutes\" \/>\n<script type=\"application\/ld+json\" class=\"yoast-schema-graph\">{\"@context\":\"https:\/\/schema.org\",\"@graph\":[{\"@type\":\"WebPage\",\"@id\":\"https:\/\/www.nichotel.it\/la-nostra-proprieta\/\",\"url\":\"https:\/\/www.nichotel.it\/la-nostra-proprieta\/\",\"name\":\"Nichotel Carloforte | Hospitalit\u00e9 au c\u0153ur de l\u2019\u00eele\u200b\",\"isPartOf\":{\"@id\":\"https:\/\/www.nichotel.it\/#website\"},\"primaryImageOfPage\":{\"@id\":\"https:\/\/www.nichotel.it\/la-nostra-proprieta\/#primaryimage\"},\"image\":{\"@id\":\"https:\/\/www.nichotel.it\/la-nostra-proprieta\/#primaryimage\"},\"thumbnailUrl\":\"https:\/\/www.nichotel.it\/wp-content\/uploads\/2024\/09\/nostra-proprieta.jpg\",\"datePublished\":\"2024-09-05T13:48:41+00:00\",\"dateModified\":\"2025-06-23T10:01:54+00:00\",\"description\":\"D\u00e9couvrez l'histoire du Nichotel : h\u00f4tel familial depuis 2007, au centre historique de Carloforte, \u00e0 deux pas du port.\",\"breadcrumb\":{\"@id\":\"https:\/\/www.nichotel.it\/la-nostra-proprieta\/#breadcrumb\"},\"inLanguage\":\"fr-FR\",\"potentialAction\":[{\"@type\":\"ReadAction\",\"target\":[\"https:\/\/www.nichotel.it\/la-nostra-proprieta\/\"]}]},{\"@type\":\"ImageObject\",\"inLanguage\":\"fr-FR\",\"@id\":\"https:\/\/www.nichotel.it\/la-nostra-proprieta\/#primaryimage\",\"url\":\"https:\/\/www.nichotel.it\/wp-content\/uploads\/2024\/09\/nostra-proprieta.jpg\",\"contentUrl\":\"https:\/\/www.nichotel.it\/wp-content\/uploads\/2024\/09\/nostra-proprieta.jpg\"},{\"@type\":\"BreadcrumbList\",\"@id\":\"https:\/\/www.nichotel.it\/la-nostra-proprieta\/#breadcrumb\",\"itemListElement\":[{\"@type\":\"ListItem\",\"position\":1,\"name\":\"Home\",\"item\":\"https:\/\/www.nichotel.it\/\"},{\"@type\":\"ListItem\",\"position\":2,\"name\":\"Notre propri\u00e9t\u00e9\"}]},{\"@type\":\"WebSite\",\"@id\":\"https:\/\/www.nichotel.it\/#website\",\"url\":\"https:\/\/www.nichotel.it\/\",\"name\":\"Nichotel\",\"description\":\"\",\"publisher\":{\"@id\":\"https:\/\/www.nichotel.it\/#organization\"},\"potentialAction\":[{\"@type\":\"SearchAction\",\"target\":{\"@type\":\"EntryPoint\",\"urlTemplate\":\"https:\/\/www.nichotel.it\/?s={search_term_string}\"},\"query-input\":{\"@type\":\"PropertyValueSpecification\",\"valueRequired\":true,\"valueName\":\"search_term_string\"}}],\"inLanguage\":\"fr-FR\"},{\"@type\":\"Organization\",\"@id\":\"https:\/\/www.nichotel.it\/#organization\",\"name\":\"Nichotel\",\"url\":\"https:\/\/www.nichotel.it\/\",\"logo\":{\"@type\":\"ImageObject\",\"inLanguage\":\"fr-FR\",\"@id\":\"https:\/\/www.nichotel.it\/#\/schema\/logo\/image\/\",\"url\":\"http:\/\/www.nichotel.it\/wp-content\/uploads\/2024\/08\/nichotel_b7e07c9525.jpg\",\"contentUrl\":\"http:\/\/www.nichotel.it\/wp-content\/uploads\/2024\/08\/nichotel_b7e07c9525.jpg\",\"width\":2170,\"height\":1927,\"caption\":\"Nichotel\"},\"image\":{\"@id\":\"https:\/\/www.nichotel.it\/#\/schema\/logo\/image\/\"}}]}<\/script>\n<!-- \/ Yoast SEO plugin. -->","yoast_head_json":{"title":"Nichotel Carloforte | Hospitalit\u00e9 au c\u0153ur de l\u2019\u00eele\u200b","description":"D\u00e9couvrez l'histoire du Nichotel : h\u00f4tel familial depuis 2007, au centre historique de Carloforte, \u00e0 deux pas du port.","robots":{"index":"index","follow":"follow","max-snippet":"max-snippet:-1","max-image-preview":"max-image-preview:large","max-video-preview":"max-video-preview:-1"},"canonical":"https:\/\/www.nichotel.it\/la-nostra-proprieta\/","og_locale":"fr_FR","og_type":"article","og_title":"Nichotel Carloforte | Hospitalit\u00e9 au c\u0153ur de l\u2019\u00eele\u200b","og_description":"D\u00e9couvrez l'histoire du Nichotel : h\u00f4tel familial depuis 2007, au centre historique de Carloforte, \u00e0 deux pas du port.","og_url":"https:\/\/www.nichotel.it\/la-nostra-proprieta\/","og_site_name":"Nichotel","article_modified_time":"2025-06-23T10:01:54+00:00","og_image":[{"width":900,"height":600,"url":"https:\/\/www.nichotel.it\/wp-content\/uploads\/2024\/09\/nostra-proprieta.jpg","type":"image\/jpeg"}],"twitter_card":"summary_large_image","twitter_misc":{"Dur\u00e9e de lecture estim\u00e9e":"3 minutes"},"schema":{"@context":"https:\/\/schema.org","@graph":[{"@type":"WebPage","@id":"https:\/\/www.nichotel.it\/la-nostra-proprieta\/","url":"https:\/\/www.nichotel.it\/la-nostra-proprieta\/","name":"Nichotel Carloforte | Hospitalit\u00e9 au c\u0153ur de l\u2019\u00eele\u200b","isPartOf":{"@id":"https:\/\/www.nichotel.it\/#website"},"primaryImageOfPage":{"@id":"https:\/\/www.nichotel.it\/la-nostra-proprieta\/#primaryimage"},"image":{"@id":"https:\/\/www.nichotel.it\/la-nostra-proprieta\/#primaryimage"},"thumbnailUrl":"https:\/\/www.nichotel.it\/wp-content\/uploads\/2024\/09\/nostra-proprieta.jpg","datePublished":"2024-09-05T13:48:41+00:00","dateModified":"2025-06-23T10:01:54+00:00","description":"D\u00e9couvrez l'histoire du Nichotel : h\u00f4tel familial depuis 2007, au centre historique de Carloforte, \u00e0 deux pas du port.","breadcrumb":{"@id":"https:\/\/www.nichotel.it\/la-nostra-proprieta\/#breadcrumb"},"inLanguage":"fr-FR","potentialAction":[{"@type":"ReadAction","target":["https:\/\/www.nichotel.it\/la-nostra-proprieta\/"]}]},{"@type":"ImageObject","inLanguage":"fr-FR","@id":"https:\/\/www.nichotel.it\/la-nostra-proprieta\/#primaryimage","url":"https:\/\/www.nichotel.it\/wp-content\/uploads\/2024\/09\/nostra-proprieta.jpg","contentUrl":"https:\/\/www.nichotel.it\/wp-content\/uploads\/2024\/09\/nostra-proprieta.jpg"},{"@type":"BreadcrumbList","@id":"https:\/\/www.nichotel.it\/la-nostra-proprieta\/#breadcrumb","itemListElement":[{"@type":"ListItem","position":1,"name":"Home","item":"https:\/\/www.nichotel.it\/"},{"@type":"ListItem","position":2,"name":"Notre propri\u00e9t\u00e9"}]},{"@type":"WebSite","@id":"https:\/\/www.nichotel.it\/#website","url":"https:\/\/www.nichotel.it\/","name":"Nichotel","description":"","publisher":{"@id":"https:\/\/www.nichotel.it\/#organization"},"potentialAction":[{"@type":"SearchAction","target":{"@type":"EntryPoint","urlTemplate":"https:\/\/www.nichotel.it\/?s={search_term_string}"},"query-input":{"@type":"PropertyValueSpecification","valueRequired":true,"valueName":"search_term_string"}}],"inLanguage":"fr-FR"},{"@type":"Organization","@id":"https:\/\/www.nichotel.it\/#organization","name":"Nichotel","url":"https:\/\/www.nichotel.it\/","logo":{"@type":"ImageObject","inLanguage":"fr-FR","@id":"https:\/\/www.nichotel.it\/#\/schema\/logo\/image\/","url":"http:\/\/www.nichotel.it\/wp-content\/uploads\/2024\/08\/nichotel_b7e07c9525.jpg","contentUrl":"http:\/\/www.nichotel.it\/wp-content\/uploads\/2024\/08\/nichotel_b7e07c9525.jpg","width":2170,"height":1927,"caption":"Nichotel"},"image":{"@id":"https:\/\/www.nichotel.it\/#\/schema\/logo\/image\/"}}]}},"_links":{"self":[{"href":"https:\/\/www.nichotel.it\/fr\/wp-json\/wp\/v2\/pages\/22035","targetHints":{"allow":["GET"]}}],"collection":[{"href":"https:\/\/www.nichotel.it\/fr\/wp-json\/wp\/v2\/pages"}],"about":[{"href":"https:\/\/www.nichotel.it\/fr\/wp-json\/wp\/v2\/types\/page"}],"author":[{"embeddable":true,"href":"https:\/\/www.nichotel.it\/fr\/wp-json\/wp\/v2\/users\/1"}],"replies":[{"embeddable":true,"href":"https:\/\/www.nichotel.it\/fr\/wp-json\/wp\/v2\/comments?post=22035"}],"version-history":[{"count":22,"href":"https:\/\/www.nichotel.it\/fr\/wp-json\/wp\/v2\/pages\/22035\/revisions"}],"predecessor-version":[{"id":23174,"href":"https:\/\/www.nichotel.it\/fr\/wp-json\/wp\/v2\/pages\/22035\/revisions\/23174"}],"wp:attachment":[{"href":"https:\/\/www.nichotel.it\/fr\/wp-json\/wp\/v2\/media?parent=22035"}],"curies":[{"name":"wp","href":"https:\/\/api.w.org\/{rel}","templated":true}]}}